{"id":503,"date":"2020-10-17T19:48:55","date_gmt":"2020-10-17T17:48:55","guid":{"rendered":"http:\/\/fannyscrapstampin.com\/?page_id=503"},"modified":"2021-11-14T22:19:25","modified_gmt":"2021-11-14T21:19:25","slug":"carte-fidelite","status":"publish","type":"page","link":"https:\/\/fannyscrapstampin.com\/index.php\/carte-fidelite\/","title":{"rendered":"Carte fid\u00e9lit\u00e9"},"content":{"rendered":"\n<p>Vous le savez, j\u2019adore vous faire plaisir, alors j\u2019ai r\u00e9fl\u00e9chi \u00e0 un moyen de vous remercier en cr\u00e9ant une carte fid\u00e9lit\u00e9 depuis le 1er novembre 2019.<\/p>\n\n\n\n<p>J\u2019ai cherch\u00e9 un moment, avant de trouver ce qui conviendrait, non seulement pour vous, mais aussi facile pour moi \u00e0 g\u00e9rer.<\/p>\n\n\n\n<p>Et c\u2019est aupr\u00e8s de mon boucher, que j\u2019ai trouv\u00e9 ce qui me conviendrait.<\/p>\n\n\n\n<p><strong>Comment \u00e7a fonctionne ?<\/strong><\/p>\n\n\n\n<p>A chaque commande, par tranche de&nbsp;<strong>30 euros<\/strong>, vous gagnez&nbsp;<strong>1 point fid\u00e9lit\u00e9<\/strong>&nbsp;(hors frais de port)<\/p>\n\n\n\n<p>&nbsp;&nbsp;&nbsp;&nbsp;&#8211;&nbsp;&nbsp;&nbsp;pour 10 points fid\u00e9lit\u00e9 cumul\u00e9s, vous avez un bon d\u2019achat de 7,50 euros<\/p>\n\n\n\n<ul><li>pour 20 points = 15 euros<\/li><li>pour 30 points = 21,50 euros<\/li><li>pour 40 points = 30 euros<\/li><li>pour 50 points = 50 euros\u00a0<\/li><\/ul>\n\n\n\n<p>Soit vous utilisez vos points au fur et \u00e0 mesure ou bien vous cumulez pour avoir un plus&nbsp;<strong>GROS<\/strong>&nbsp;bon d&rsquo;achats \u00e0 vous de choisir !!!<\/p>\n\n\n\n<p>A d\u00e9penser dans le catalogue en vigueur.<\/p>\n\n\n\n<p>En plus, c&rsquo;est MOI qui g\u00e8re tout \u2026 vous n&rsquo;avez rien \u00e0 faire \u00e0 part passer vos commandes via mon interm\u00e9diaire ou via ma boutique&nbsp;<\/p>\n\n\n\n<figure class=\"wp-block-image size-large\"><img loading=\"lazy\" decoding=\"async\" width=\"560\" height=\"36\" src=\"https:\/\/fannyscrapstampin.com\/wp-content\/uploads\/2020\/10\/image-2.png\" alt=\"\" class=\"wp-image-533\" srcset=\"https:\/\/fannyscrapstampin.com\/wp-content\/uploads\/2020\/10\/image-2.png 560w, https:\/\/fannyscrapstampin.com\/wp-content\/uploads\/2020\/10\/image-2-300x19.png 300w\" sizes=\"(max-width: 560px) 100vw, 560px\" \/><\/figure>\n\n\n\n<p>&nbsp;&nbsp;&nbsp;&nbsp;Le produit gratuit, vous sera ensuite envoy\u00e9, sans frais de port.<\/p>\n\n\n\n<p><strong>Quelques pr\u00e9cisions :<\/strong><\/p>\n\n\n\n<p>&nbsp;&nbsp;&nbsp;&nbsp;Les 30 euros d\u2019achat (hors frais de port ) doivent \u00eatre fait en une seule commande&nbsp;&nbsp;pour obtenir un point fid\u00e9lit\u00e9. Ainsi, si vous commandez pour 100 euros de produits (hors frais de port) vous obtenez 3 points de fid\u00e9lit\u00e9 mais 2 commandes de 15 euros ne vous permettent pas de cumuler de point.<\/p>\n\n\n\n<p>&nbsp;&nbsp;&nbsp;&nbsp;Bien entendu, si votre commande vous permet d\u2019atteindre un des paliers de primes cr\u00e9atives, vous recevrez en plus les points de fid\u00e9lit\u00e9 correspondants.<\/p>\n\n\n\n<p>Enfin, sachez que cette carte fid\u00e9lit\u00e9 est \u00e0 mon initiative seule pour r\u00e9compenser votre fid\u00e9lit\u00e9. la soci\u00e9t\u00e9 Stampin\u2019up! ne saurait \u00eatre impliqu\u00e9e dans ce programme ni les autres d\u00e9monstratrices Stampin&rsquo;Up!<\/p>\n","protected":false},"excerpt":{"rendered":"<p>Vous le savez, j\u2019adore vous faire plaisir, alors j\u2019ai r\u00e9fl\u00e9chi \u00e0 un moyen de vous remercier en cr\u00e9ant une carte fid\u00e9lit\u00e9 depuis le 1er novembre 2019. J\u2019ai cherch\u00e9 un moment, avant de trouver ce qui conviendrait, non seulement pour vous, mais aussi facile pour moi \u00e0 g\u00e9rer. Et c\u2019est aupr\u00e8s de mon boucher, que j\u2019ai trouv\u00e9 ce qui me conviendrait. Comment \u00e7a fonctionne ? A chaque commande, par tranche de&nbsp;30 euros, vous gagnez&nbsp;1 point fid\u00e9lit\u00e9&nbsp;(hors frais de port) &nbsp;&nbsp;&nbsp;&nbsp;&#8211;&nbsp;&nbsp;&nbsp;pour 10 points fid\u00e9lit\u00e9 cumul\u00e9s, vous avez un bon d\u2019achat de 7,50 euros pour 20 points = 15 euros pour 30 points = 21,50 euros pour 40 points = 30 euros pour 50 points = 50 euros\u00a0 Soit vous utilisez vos points au fur et \u00e0 mesure ou bien vous cumulez pour avoir un plus&nbsp;GROS&nbsp;bon d&rsquo;achats \u00e0 vous de choisir !!! A d\u00e9penser dans le catalogue en vigueur. En plus, c&rsquo;est MOI qui g\u00e8re tout \u2026 vous n&rsquo;avez rien \u00e0 faire \u00e0 part passer vos commandes via mon interm\u00e9diaire ou via ma boutique&nbsp; &nbsp;&nbsp;&nbsp;&nbsp;Le produit gratuit, vous sera ensuite envoy\u00e9, sans frais de port. Quelques pr\u00e9cisions : &nbsp;&nbsp;&nbsp;&nbsp;Les 30 euros d\u2019achat (hors frais de port ) doivent \u00eatre fait en une seule commande&nbsp;&nbsp;pour obtenir un point fid\u00e9lit\u00e9. Ainsi, si vous commandez pour 100 euros de produits (hors frais de port) vous obtenez 3 points de fid\u00e9lit\u00e9 mais 2 commandes de 15 euros ne vous permettent pas de cumuler de point. &nbsp;&nbsp;&nbsp;&nbsp;Bien entendu, si votre commande vous permet d\u2019atteindre un des paliers de primes cr\u00e9atives, vous recevrez en plus les points de fid\u00e9lit\u00e9 correspondants. Enfin, sachez que cette carte fid\u00e9lit\u00e9 est \u00e0 mon initiative seule pour r\u00e9compenser votre fid\u00e9lit\u00e9. la soci\u00e9t\u00e9 Stampin\u2019up! ne saurait \u00eatre impliqu\u00e9e dans ce programme ni les autres d\u00e9monstratrices Stampin&rsquo;Up!<\/p>\n","protected":false},"author":1,"featured_media":0,"parent":0,"menu_order":0,"comment_status":"closed","ping_status":"closed","template":"","meta":{"jetpack_post_was_ever_published":false,"footnotes":""},"_links":{"self":[{"href":"https:\/\/fannyscrapstampin.com\/index.php\/wp-json\/wp\/v2\/pages\/503"}],"collection":[{"href":"https:\/\/fannyscrapstampin.com\/index.php\/wp-json\/wp\/v2\/pages"}],"about":[{"href":"https:\/\/fannyscrapstampin.com\/index.php\/wp-json\/wp\/v2\/types\/page"}],"author":[{"embeddable":true,"href":"https:\/\/fannyscrapstampin.com\/index.php\/wp-json\/wp\/v2\/users\/1"}],"replies":[{"embeddable":true,"href":"https:\/\/fannyscrapstampin.com\/index.php\/wp-json\/wp\/v2\/comments?post=503"}],"version-history":[{"count":3,"href":"https:\/\/fannyscrapstampin.com\/index.php\/wp-json\/wp\/v2\/pages\/503\/revisions"}],"predecessor-version":[{"id":1107,"href":"https:\/\/fannyscrapstampin.com\/index.php\/wp-json\/wp\/v2\/pages\/503\/revisions\/1107"}],"wp:attachment":[{"href":"https:\/\/fannyscrapstampin.com\/index.php\/wp-json\/wp\/v2\/media?parent=503"}],"curies":[{"name":"wp","href":"https:\/\/api.w.org\/{rel}","templated":true}]}}