{"id":502,"date":"2020-10-17T19:48:55","date_gmt":"2020-10-17T17:48:55","guid":{"rendered":"http:\/\/fannyscrapstampin.com\/?page_id=502"},"modified":"2024-08-26T12:35:12","modified_gmt":"2024-08-26T10:35:12","slug":"qui-suis-je","status":"publish","type":"page","link":"https:\/\/fannyscrapstampin.com\/index.php\/qui-suis-je\/","title":{"rendered":"Qui suis-je ?"},"content":{"rendered":"\n<p>Bonjour,&nbsp;<\/p>\n\n\n\n<p>Je m&rsquo;appelle Fanny SOUVELAIN (Fannyscrap ou Fannyscrapstampin pour les scrappeuses et la blogosph\u00e8re), j&rsquo;habite \u00e0 St Etienne du Rouvray \u00e0 5 min de Rouen en Seine-Maritime.&nbsp;<\/p>\n\n\n\n<p>J&rsquo;ai la chance d&rsquo;avoir un mari en or, 2 gar\u00e7ons et 3 chattes sans compter les poissons !!!<\/p>\n\n\n\n<p>Depuis toute petite, j&rsquo;ai toujours fait des travaux manuels avec mes grands-m\u00e8res : dessin, perles, tricot, crochet \u2026<\/p>\n\n\n\n<p>Puis j&rsquo;ai d\u00e9couvert le scrap en 2003 \u00e0 l&rsquo;occasion de la r\u00e9alisation de mes faire part pour mon mariage \u2026 eh oui ! Le th\u00e8me de mon mariage \u00e9tait sur le th\u00e8me du \u00ab\u00a0muguet\u00a0\u00bb bah \u00e9videmment trouver de la d\u00e9coration toute faite sur ce th\u00e8me \u00e9tait mission impossible alors vous imaginez ce que j&rsquo;ai d\u00e9cid\u00e9 \u2026 faire moi-m\u00eame mes faire part puis la d\u00e9coration .<\/p>\n\n\n\n<p>Depuis d\u00e9cembre 2011, je suis d\u00e9monstratrice pour la marque Stampin&rsquo;Up!<\/p>\n\n\n\n<p>Envie de d\u00e9couvrir les produits, participer \u00e0 un atelier ou bien encore rejoindre mon \u00e9quipe \u2026 les produits sont tellement extraordinaire gr\u00e2ce \u00e0 leur super qualit\u00e9.<\/p>\n\n\n\n<p>En Novembre 2019, gr\u00e2ce \u00e0 mes clientes et mon \u00e9quipe, je suis arriv\u00e9e 1\u00e8re Fran\u00e7aise et 39\u00e8me mondiale.<\/p>\n\n\n\n<p><em>En septembre 2020, je prends la d\u00e9cision consacrer de donner une autre signification \u00e0 mon loisir cr\u00e9atif et \u00e0 investir dans cette grande aventure<\/em><\/p>\n\n\n\n<p>Je vous souhaite la bienvenue dans mon univers et dans cette magnifique aventure !<\/p>\n\n\n\n<p>Scrapbises<\/p>\n\n\n\n<p>Fanny<\/p>\n","protected":false},"excerpt":{"rendered":"<p>Bonjour,&nbsp; Je m&rsquo;appelle Fanny SOUVELAIN (Fannyscrap ou Fannyscrapstampin pour les scrappeuses et la blogosph\u00e8re), j&rsquo;habite \u00e0 St Etienne du Rouvray \u00e0 5 min de Rouen en Seine-Maritime.&nbsp; J&rsquo;ai la chance d&rsquo;avoir un mari en or, 2 gar\u00e7ons et 3 chattes sans compter les poissons !!! Depuis toute petite, j&rsquo;ai toujours fait des travaux manuels avec mes grands-m\u00e8res : dessin, perles, tricot, crochet \u2026 Puis j&rsquo;ai d\u00e9couvert le scrap en 2003 \u00e0 l&rsquo;occasion de la r\u00e9alisation de mes faire part pour mon mariage \u2026 eh oui ! Le th\u00e8me de mon mariage \u00e9tait sur le th\u00e8me du \u00ab\u00a0muguet\u00a0\u00bb bah \u00e9videmment trouver de la d\u00e9coration toute faite sur ce th\u00e8me \u00e9tait mission impossible alors vous imaginez ce que j&rsquo;ai d\u00e9cid\u00e9 \u2026 faire moi-m\u00eame mes faire part puis la d\u00e9coration . Depuis d\u00e9cembre 2011, je suis d\u00e9monstratrice pour la marque Stampin&rsquo;Up! Envie de d\u00e9couvrir les produits, participer \u00e0 un atelier ou bien encore rejoindre mon \u00e9quipe \u2026 les produits sont tellement extraordinaire gr\u00e2ce \u00e0 leur super qualit\u00e9. En Novembre 2019, gr\u00e2ce \u00e0 mes clientes et mon \u00e9quipe, je suis arriv\u00e9e 1\u00e8re Fran\u00e7aise et 39\u00e8me mondiale. En septembre 2020, je prends la d\u00e9cision consacrer de donner une autre signification \u00e0 mon loisir cr\u00e9atif et \u00e0 investir dans cette grande aventure Je vous souhaite la bienvenue dans mon univers et dans cette magnifique aventure ! Scrapbises Fanny<\/p>\n","protected":false},"author":1,"featured_media":0,"parent":0,"menu_order":0,"comment_status":"closed","ping_status":"closed","template":"","meta":{"jetpack_post_was_ever_published":false,"footnotes":""},"_links":{"self":[{"href":"https:\/\/fannyscrapstampin.com\/index.php\/wp-json\/wp\/v2\/pages\/502"}],"collection":[{"href":"https:\/\/fannyscrapstampin.com\/index.php\/wp-json\/wp\/v2\/pages"}],"about":[{"href":"https:\/\/fannyscrapstampin.com\/index.php\/wp-json\/wp\/v2\/types\/page"}],"author":[{"embeddable":true,"href":"https:\/\/fannyscrapstampin.com\/index.php\/wp-json\/wp\/v2\/users\/1"}],"replies":[{"embeddable":true,"href":"https:\/\/fannyscrapstampin.com\/index.php\/wp-json\/wp\/v2\/comments?post=502"}],"version-history":[{"count":3,"href":"https:\/\/fannyscrapstampin.com\/index.php\/wp-json\/wp\/v2\/pages\/502\/revisions"}],"predecessor-version":[{"id":2142,"href":"https:\/\/fannyscrapstampin.com\/index.php\/wp-json\/wp\/v2\/pages\/502\/revisions\/2142"}],"wp:attachment":[{"href":"https:\/\/fannyscrapstampin.com\/index.php\/wp-json\/wp\/v2\/media?parent=502"}],"curies":[{"name":"wp","href":"https:\/\/api.w.org\/{rel}","templated":true}]}}